{"id":56317,"date":"2022-03-20T15:21:40","date_gmt":"2022-03-20T14:21:40","guid":{"rendered":"https:\/\/aktuelles.uni-frankfurt.de\/?page_id=56317"},"modified":"2025-11-12T18:27:47","modified_gmt":"2025-11-12T17:27:47","slug":"impressum","status":"publish","type":"page","link":"https:\/\/aktuelles.uni-frankfurt.de\/en\/impressum\/","title":{"rendered":"Imprint"},"content":{"rendered":"<div data-elementor-type=\"wp-page\" data-elementor-id=\"56317\" class=\"elementor elementor-56317\" data-elementor-settings=\"{&quot;ha_cmc_init_switcher&quot;:&quot;no&quot;}\" data-elementor-post-type=\"page\">\n\t\t\t\t\t\t<section class=\"elementor-section elementor-top-section elementor-element elementor-element-37e58e50 elementor-section-boxed elementor-section-height-default elementor-section-height-default\" data-id=\"37e58e50\" data-element_type=\"section\" data-settings=\"{&quot;_ha_eqh_enable&quot;:false}\">\n\t\t\t\t\t\t<div class=\"elementor-container elementor-column-gap-default\">\n\t\t\t\t\t<div class=\"elementor-column elementor-col-100 elementor-top-column elementor-element elementor-element-5c61ccba\" data-id=\"5c61ccba\" data-element_type=\"column\">\n\t\t\t<div class=\"elementor-widget-wrap elementor-element-populated\">\n\t\t\t\t\t\t<div class=\"elementor-element elementor-element-4230573f elementor-widget elementor-widget-spacer\" data-id=\"4230573f\" data-element_type=\"widget\" data-widget_type=\"spacer.default\">\n\t\t\t\t<div class=\"elementor-widget-container\">\n\t\t\t\t\t\t\t<div class=\"elementor-spacer\">\n\t\t\t<div class=\"elementor-spacer-inner\"><\/div>\n\t\t<\/div>\n\t\t\t\t\t\t<\/div>\n\t\t\t\t<\/div>\n\t\t\t\t<div class=\"elementor-element elementor-element-11d995df elementor-widget elementor-widget-heading\" data-id=\"11d995df\" data-element_type=\"widget\" data-widget_type=\"heading.default\">\n\t\t\t\t<div class=\"elementor-widget-container\">\n\t\t\t\t\t<h2 class=\"elementor-heading-title elementor-size-default\">Imprint<\/h2>\t\t\t\t<\/div>\n\t\t\t\t<\/div>\n\t\t\t\t<div class=\"elementor-element elementor-element-761d3e90 elementor-widget-divider--view-line elementor-widget elementor-widget-divider\" data-id=\"761d3e90\" data-element_type=\"widget\" data-widget_type=\"divider.default\">\n\t\t\t\t<div class=\"elementor-widget-container\">\n\t\t\t\t\t\t\t<div class=\"elementor-divider\">\n\t\t\t<span class=\"elementor-divider-separator\">\n\t\t\t\t\t\t<\/span>\n\t\t<\/div>\n\t\t\t\t\t\t<\/div>\n\t\t\t\t<\/div>\n\t\t\t\t\t<\/div>\n\t\t<\/div>\n\t\t\t\t\t<\/div>\n\t\t<\/section>\n\t\t\t\t<section class=\"elementor-section elementor-top-section elementor-element elementor-element-00ff147 elementor-section-boxed elementor-section-height-default elementor-section-height-default\" data-id=\"00ff147\" data-element_type=\"section\" data-settings=\"{&quot;_ha_eqh_enable&quot;:false}\">\n\t\t\t\t\t\t<div class=\"elementor-container elementor-column-gap-default\">\n\t\t\t\t\t<div class=\"elementor-column elementor-col-100 elementor-top-column elementor-element elementor-element-2d3b026\" data-id=\"2d3b026\" data-element_type=\"column\">\n\t\t\t<div class=\"elementor-widget-wrap elementor-element-populated\">\n\t\t\t\t\t\t<div class=\"elementor-element elementor-element-8eda4f5 elementor-widget elementor-widget-text-editor\" data-id=\"8eda4f5\" data-element_type=\"widget\" data-widget_type=\"text-editor.default\">\n\t\t\t\t<div class=\"elementor-widget-container\">\n\t\t\t\t\t\t\t\t\t<div style=\"clear: both; color: #0a0a0a; font-family: 'Helvetica Neue', Helvetica, Arial, sans-serif; font-size: 14px;\">\n<div>\n<p style=\"margin: 0px 0px 1em; line-height: 1.45em; overflow-wrap: break-word; background-color: transparent !important; color: inherit !important;\"><strong style=\"font-weight: bold;\">Diensteanbieterin:&nbsp;<\/strong><\/p>\n<p style=\"margin: 0px 0px 1em; line-height: 1.45em; overflow-wrap: break-word; background-color: transparent !important; color: inherit !important;\">Johann Wolfgang Goethe-Universit\u00e4t Frankfurt am Main<br>Theodor-W.-Adorno-Platz 1<br>60323 Frankfurt am Main<br>Deutschland&nbsp;<\/p>\n<p style=\"margin: 0px 0px 1em; line-height: 1.45em; overflow-wrap: break-word; background-color: transparent !important; color: inherit !important;\"><strong style=\"font-weight: bold;\" data-redactor-tag=\"strong\">Postanschrift:<\/strong><\/p>\n<p style=\"margin: 0px 0px 1em; line-height: 1.45em; overflow-wrap: break-word; background-color: transparent !important; color: inherit !important;\">Goethe University Frankfurt<br>60629 Frankfurt<br>Deutschland&nbsp;<\/p>\n<p style=\"margin: 0px 0px 1em; line-height: 1.45em; overflow-wrap: break-word; background-color: transparent !important; color: inherit !important;\">Telefon: +49-69-798-0 | E-Mail: <a style=\"color: #005076;\" href=\"mailto:onlineredaktion@uni-frankfurt.de\">webmaster@uni-frankfurt.de<\/a><\/p>\n<\/div>\n<\/div>\n<div style=\"clear: both; color: #0a0a0a; font-family: 'Helvetica Neue', Helvetica, Arial, sans-serif; font-size: 14px;\">\n<div>\n<p style=\"margin: 0px 0px 1em; line-height: 1.45em; overflow-wrap: break-word; background-color: transparent !important; color: inherit !important;\">Die Goethe-Universit\u00e4t Frankfurt am Main ist als Hochschule des Landes Hessen eine rechtsf\u00e4hige Stiftung des \u00f6ffentlichen Rechts (\u00a7 88 HessHG).&nbsp;<\/p>\n<p style=\"margin: 0px 0px 1em; line-height: 1.45em; overflow-wrap: break-word; background-color: transparent !important; color: inherit !important;\">Umsatzsteuer-Identifikationsnummer (USt-IdNr.): DE 114 110 511<\/p>\n<\/div>\n<\/div>\n<div style=\"clear: both; font-family: &quot;Helvetica Neue&quot;, Helvetica, Arial, sans-serif; font-size: 14px;\">\n<div style=\"\">\n<p style=\"color: inherit !important; margin: 0px 0px 1em; line-height: 1.45em; overflow-wrap: break-word; background-color: transparent !important;\"><strong style=\"font-weight: bold;\">Gesetzlicher Vertreter:&nbsp;<\/strong><\/p>\n<p style=\"color: inherit !important; margin: 0px 0px 1em; line-height: 1.45em; overflow-wrap: break-word; background-color: transparent !important;\">Der Pr\u00e4sident der Goethe-Universit\u00e4t, Prof. Dr. Enrico Schleiff&nbsp;<\/p>\n<p style=\"color: inherit !important; margin: 0px 0px 1em; line-height: 1.45em; overflow-wrap: break-word; background-color: transparent !important;\"><strong style=\"font-weight: bold;\">Zust\u00e4ndige Aufsichtsbeh\u00f6rde:<\/strong>&nbsp;<\/p>\n<p style=\"color: inherit !important; margin: 0px 0px 1em; line-height: 1.45em; overflow-wrap: break-word; background-color: transparent !important;\">Hessisches Ministerium f\u00fcr Wissenschaft und Kunst, Rheinstr. 23-25, 65185 Wiesbaden.&nbsp;<\/p>\n<p style=\"color: inherit !important; margin: 0px 0px 1em; line-height: 1.45em; overflow-wrap: break-word; background-color: transparent !important;\"><strong style=\"font-weight: bold;\">Zust\u00e4ndige Medienaufsichtsbeh\u00f6rde:&nbsp;<\/strong><\/p>\n<p style=\"color: inherit !important; margin: 0px 0px 1em; line-height: 1.45em; overflow-wrap: break-word; background-color: transparent !important;\">Medienanstalt Hessen, Wilhelmsh\u00f6her Allee 262, 34131 Kassel<\/p><p style=\"margin: 0px 0px 1em; line-height: 1.45em; overflow-wrap: break-word; background-color: transparent !important;\"><span style=\"background-color: transparent;\"><font color=\"#0a0a0a\"><b>Redaktion und inhaltliche Verantwortung:<\/b><\/font><\/span><\/p>\n<\/div>\n<div style=\"color: rgb(10, 10, 10);\">\n<p style=\"font-family: &quot;Helvetica Neue&quot;, Helvetica, Arial, sans-serif; font-size: 14px; margin: 0px 0px 1em; line-height: 1.45em; overflow-wrap: break-word; background-color: transparent !important;\"><span style=\"background-color: transparent;\"><font color=\"#0a0a0a\">Die zentralen Webseiten der Goethe-Universit\u00e4t werden vom B\u00fcro PR &amp; Kommunikation redaktionell betreut.<br><\/font><\/span><span style=\"background-color: transparent; color: rgb(10, 10, 10);\"><br>Leitung B\u00fcro PR &amp; Kommunikation: Volker Schmidt<br><\/span><span style=\"background-color: transparent; color: rgb(10, 10, 10);\"><br>Die Webseiten zentraler Einrichtungen, Fachbereiche und Lehrst\u00fchle sowie etwaige Projekt-Webseiten (\u201edezentrale Angebote\u201c) werden von diesen als Seitenbetreiber eigenst\u00e4ndig betreut. Bei diesen dezentralen Angeboten werden die jeweiligen redaktionell\/ inhaltlich Verantwortlichen dort benannt.<\/span><\/p>\n<\/div>\n<\/div>\n<div style=\"clear: both; color: #0a0a0a; font-family: 'Helvetica Neue', Helvetica, Arial, sans-serif; font-size: 14px;\">\n<div>\n<p style=\"margin: 0px 0px 1em; line-height: 1.45em; overflow-wrap: break-word; background-color: transparent !important; color: inherit !important;\"><strong style=\"font-weight: bold;\">SOCIAL-MEDIA-PR\u00c4SENZEN&nbsp;<\/strong><\/p>\n<p style=\"margin: 0px 0px 1em; line-height: 1.45em; overflow-wrap: break-word; background-color: transparent !important; color: inherit !important;\">Dieses Impressum gilt auch f\u00fcr die zentralen Social-Media-Pr\u00e4senzen der Goethe-Universit\u00e4t auf Facebook, Instagram, LinkedIn, Bluesky und YouTube. Die Wissenschaftler*innen, Fachbereiche und dezentralen Angebote verwalten ihre Social-Media-Pr\u00e4senzen in eigener Verantwortung.<\/p>\n<\/div>\n<\/div>\n<div style=\"clear: both; font-size: 14px; font-family: 'Helvetica Neue', Helvetica, Arial, sans-serif; color: #0a0a0a;\">\n<div>\n<p style=\"margin: 0px 0px 1em; line-height: 1.45em; overflow-wrap: break-word; background-color: transparent !important; color: inherit !important;\"><strong style=\"font-weight: bold;\">\u00a9 COPYRIGHT<\/strong><\/p>\n<p style=\"margin: 0px 0px 1em; line-height: 1.45em; overflow-wrap: break-word; background-color: transparent !important; color: inherit !important;\"><span style=\"background-color: transparent; color: inherit;\">Alle Inhalte dieser Website sind urheberrechtlich gesch\u00fctzt. Rechteinhaber ist die Goethe-Universit\u00e4t oder ihre Vertretung. Die Nutzung von Inhalten, inklusive Logo, Layout, Text und Bildern, auch in abgewandelter Form, bedarf der schriftlichen Genehmigung. Nicht-kommerzielle oder wissenschaftliche Nutzung, auch in Ausz\u00fcgen, mit Quellenangabe ist gestattet. Beitr\u00e4ge Dritter sind als solche gekennzeichnet.<\/span><\/p>\n<\/div>\n<\/div>\n<div style=\"clear: both;\">\n<div>\n<p style=\"margin: 0px 0px 1em; line-height: 1.45em; overflow-wrap: break-word; background-color: transparent !important;\"><span style=\"color: #0a0a0a; font-family: Helvetica Neue, Helvetica, Arial, sans-serif;\"><span style=\"font-size: 14px;\"><b>Haftungsausschluss&nbsp;<\/b><\/span><\/span><strong style=\"color: inherit; font-family: 'Helvetica Neue', Helvetica, Arial, sans-serif; font-size: 14px; background-color: transparent; font-weight: bold;\">&nbsp;<\/strong><\/p>\n<p style=\"color: inherit !important; font-family: 'Helvetica Neue', Helvetica, Arial, sans-serif; font-size: 14px; margin: 0px 0px 1em; line-height: 1.45em; overflow-wrap: break-word; background-color: transparent !important;\"><span style=\"background-color: transparent; color: inherit;\">Die Inhalte werden sorgf\u00e4ltig erstellt und gepr\u00fcft; eine Gew\u00e4hr f\u00fcr Richtigkeit, Aktualit\u00e4t und Vollst\u00e4ndigkeit oder Eignung f\u00fcr bestimmte Zwecke wird nicht \u00fcbernommen. F\u00fcr Sch\u00e4den aus der Nutzung der Inhalte haftet die Universit\u00e4t nur bei Vorsatz oder grober Fahrl\u00e4ssigkeit. Erlangt die Universit\u00e4t Kenntnis von rechtswidrigen Inhalten, werden diese unverz\u00fcglich entfernt oder der Zugang zu ihnen gesperrt.<\/span><\/p>\n<\/div>\n<\/div>\n<div style=\"clear: both; font-size: 14px; font-family: 'Helvetica Neue', Helvetica, Arial, sans-serif; color: #0a0a0a;\">\n<div>\n<p style=\"margin: 0px 0px 1em; line-height: 1.45em; overflow-wrap: break-word; background-color: transparent !important; color: inherit !important;\"><strong style=\"font-weight: bold;\">Verlinkung auf fremde Webseiten&nbsp;<\/strong><\/p>\n<p style=\"margin: 0px 0px 1em; line-height: 1.45em; overflow-wrap: break-word; background-color: transparent !important; color: inherit !important;\">Die Webseiten der Goethe-Universit\u00e4t enthalten Links zu externen Webseiten Dritter, auf deren Inhalte die Goethe-Universit\u00e4t keinen Einfluss hat und deren Inhalte sie sich nicht zu eigen macht.<br><br>F\u00fcr die Inhalte und deren Richtigkeit, Aktualit\u00e4t und Vollst\u00e4ndigkeit ist stets der jeweilige Anbieter verantwortlich. Zum Zeitpunkt des Setzens der Verlinkung wurde die fremde Website im Rahmen des Zumutbaren gepr\u00fcft und es waren keinerlei rechtswidrigen Inhalte oder rechtliche Verst\u00f6\u00dfe bekannt oder erkennbar. Eine permanente inhaltliche Kontrolle der verlinkten Seiten ist ohne konkrete Anhaltspunkte auf eine Rechtsverletzung nicht zumutbar. Erh\u00e4lt die Goethe-Universit\u00e4t Kenntnis von der Rechtswidrigkeit der verlinkten Inhalte, wird der entsprechende Link unverz\u00fcglich entfernt.<\/p>\n<\/div>\n<\/div>\n<div style=\"clear: both; color: #0a0a0a; font-family: 'Helvetica Neue', Helvetica, Arial, sans-serif; font-size: 14px;\">\n<div>\n<p style=\"margin: 0px 0px 1em; line-height: 1.45em; overflow-wrap: break-word; background-color: transparent !important; color: inherit !important;\"><strong style=\"font-weight: bold;\">Nutzung der Kontaktdaten&nbsp;<\/strong><\/p>\n<p style=\"margin: 0px 0px 1em; line-height: 1.45em; overflow-wrap: break-word; background-color: transparent !important; color: inherit !important;\">Der Nutzung von auf den Webseiten ver\u00f6ffentlichten Kontaktdaten durch Dritte zur Zusendung von nicht ausdr\u00fccklich angeforderter Werbung und Informationsmaterialien aber auch zur Verbreitung rechtswidriger Inhalte (Trojaner u.a.) wird hiermit ausdr\u00fccklich widersprochen. Die Goethe-Universit\u00e4t beh\u00e4lt sich ausdr\u00fccklich rechtliche Schritte im Falle der unverlangten Zusendung oder Nutzung, etwa durch Spam-Mails, vor.<\/p>\n<\/div>\n<\/div>\t\t\t\t\t\t\t\t<\/div>\n\t\t\t\t<\/div>\n\t\t\t\t\t<\/div>\n\t\t<\/div>\n\t\t\t\t\t<\/div>\n\t\t<\/section>\n\t\t\t\t<section class=\"elementor-section elementor-top-section elementor-element elementor-element-856b70f elementor-section-boxed elementor-section-height-default elementor-section-height-default\" data-id=\"856b70f\" data-element_type=\"section\" data-settings=\"{&quot;_ha_eqh_enable&quot;:false}\">\n\t\t\t\t\t\t<div class=\"elementor-container elementor-column-gap-default\">\n\t\t\t\t\t<div class=\"elementor-column elementor-col-100 elementor-top-column elementor-element elementor-element-43f3c432\" data-id=\"43f3c432\" data-element_type=\"column\">\n\t\t\t<div class=\"elementor-widget-wrap elementor-element-populated\">\n\t\t\t\t\t\t<div class=\"elementor-element elementor-element-43d35d68 elementor-widget elementor-widget-spacer\" data-id=\"43d35d68\" data-element_type=\"widget\" data-widget_type=\"spacer.default\">\n\t\t\t\t<div class=\"elementor-widget-container\">\n\t\t\t\t\t\t\t<div class=\"elementor-spacer\">\n\t\t\t<div class=\"elementor-spacer-inner\"><\/div>\n\t\t<\/div>\n\t\t\t\t\t\t<\/div>\n\t\t\t\t<\/div>\n\t\t\t\t\t<\/div>\n\t\t<\/div>\n\t\t\t\t\t<\/div>\n\t\t<\/section>\n\t\t\t\t<\/div>","protected":false},"excerpt":{"rendered":"<p>Impressum Diensteanbieterin:&nbsp; Johann Wolfgang Goethe-Universit\u00e4t Frankfurt am MainTheodor-W.-Adorno-Platz 160323 Frankfurt am MainDeutschland&nbsp; Postanschrift: Goethe-Universit\u00e4t Frankfurt am Main60629 FrankfurtDeutschland&nbsp; Telefon: +49-69-798-0 | E-Mail: webmaster@uni-frankfurt.de Die Goethe-Universit\u00e4t Frankfurt am Main ist als [&hellip;]<\/p>\n","protected":false},"author":24,"featured_media":0,"parent":0,"menu_order":0,"comment_status":"closed","ping_status":"closed","template":"","meta":{"_eb_attr":"","_price":"","_stock":"","_tribe_ticket_header":"","_tribe_default_ticket_provider":"","_ticket_start_date":"","_ticket_end_date":"","_tribe_ticket_show_description":"","_tribe_ticket_show_not_going":false,"_tribe_ticket_use_global_stock":"","_tribe_ticket_global_stock_level":"","_global_stock_mode":"","_global_stock_cap":"","_tribe_rsvp_for_event":"","_tribe_ticket_going_count":"","_tribe_ticket_not_going_count":"","_tribe_tickets_list":"[]","_tribe_ticket_has_attendee_info_fields":false,"footnotes":"","_tec_slr_enabled":"","_tec_slr_layout":""},"folder":[185],"class_list":["post-56317","page","type-page","status-publish","hentry"],"yoast_head":"<!-- This site is optimized with the Yoast SEO plugin v27.4 - https:\/\/yoast.com\/product\/yoast-seo-wordpress\/ -->\n<title>Impressum | Aktuelles aus der Goethe-Universit\u00e4t Frankfurt<\/title>\n<meta name=\"robots\" content=\"index, follow, max-snippet:-1, max-image-preview:large, max-video-preview:-1\" \/>\n<link rel=\"canonical\" href=\"https:\/\/aktuelles.uni-frankfurt.de\/en\/impressum\/\" \/>\n<meta property=\"og:locale\" content=\"en_GB\" \/>\n<meta property=\"og:type\" content=\"article\" \/>\n<meta property=\"og:title\" content=\"Impressum | Aktuelles aus der Goethe-Universit\u00e4t Frankfurt\" \/>\n<meta property=\"og:description\" content=\"Impressum Diensteanbieterin:&nbsp; Johann Wolfgang Goethe-Universit\u00e4t Frankfurt am MainTheodor-W.-Adorno-Platz 160323 Frankfurt am MainDeutschland&nbsp; Postanschrift: Goethe-Universit\u00e4t Frankfurt am Main60629 FrankfurtDeutschland&nbsp; Telefon: +49-69-798-0 | E-Mail: webmaster@uni-frankfurt.de Die Goethe-Universit\u00e4t Frankfurt am Main ist als [&hellip;]\" \/>\n<meta property=\"og:url\" content=\"https:\/\/aktuelles.uni-frankfurt.de\/en\/impressum\/\" \/>\n<meta property=\"og:site_name\" content=\"Aktuelles aus der Goethe-Universit\u00e4t Frankfurt\" \/>\n<meta property=\"article:modified_time\" content=\"2025-11-12T17:27:47+00:00\" \/>\n<meta name=\"twitter:card\" content=\"summary_large_image\" \/>\n<meta name=\"twitter:label1\" content=\"Estimated reading time\" \/>\n\t<meta name=\"twitter:data1\" content=\"4 minutes\" \/>\n<script type=\"application\/ld+json\" class=\"yoast-schema-graph\">{\"@context\":\"https:\\\/\\\/schema.org\",\"@graph\":[{\"@type\":\"WebPage\",\"@id\":\"https:\\\/\\\/aktuelles.uni-frankfurt.de\\\/impressum\\\/\",\"url\":\"https:\\\/\\\/aktuelles.uni-frankfurt.de\\\/impressum\\\/\",\"name\":\"Impressum | Aktuelles aus der Goethe-Universit\u00e4t Frankfurt\",\"isPartOf\":{\"@id\":\"https:\\\/\\\/aktuelles.uni-frankfurt.de\\\/#website\"},\"datePublished\":\"2022-03-20T14:21:40+00:00\",\"dateModified\":\"2025-11-12T17:27:47+00:00\",\"breadcrumb\":{\"@id\":\"https:\\\/\\\/aktuelles.uni-frankfurt.de\\\/impressum\\\/#breadcrumb\"},\"inLanguage\":\"en-GB\",\"potentialAction\":[{\"@type\":\"ReadAction\",\"target\":[\"https:\\\/\\\/aktuelles.uni-frankfurt.de\\\/impressum\\\/\"]}]},{\"@type\":\"BreadcrumbList\",\"@id\":\"https:\\\/\\\/aktuelles.uni-frankfurt.de\\\/impressum\\\/#breadcrumb\",\"itemListElement\":[{\"@type\":\"ListItem\",\"position\":1,\"name\":\"Startseite\",\"item\":\"https:\\\/\\\/aktuelles.uni-frankfurt.de\\\/\"},{\"@type\":\"ListItem\",\"position\":2,\"name\":\"Impressum\"}]},{\"@type\":\"WebSite\",\"@id\":\"https:\\\/\\\/aktuelles.uni-frankfurt.de\\\/#website\",\"url\":\"https:\\\/\\\/aktuelles.uni-frankfurt.de\\\/\",\"name\":\"Aktuelles aus der Goethe-Universit\u00e4t Frankfurt\",\"description\":\"Aktuelles aus der Goethe-Universit\u00e4t | Neues aus Forschung, Lehre, Studium\",\"publisher\":{\"@id\":\"https:\\\/\\\/aktuelles.uni-frankfurt.de\\\/#organization\"},\"potentialAction\":[{\"@type\":\"SearchAction\",\"target\":{\"@type\":\"EntryPoint\",\"urlTemplate\":\"https:\\\/\\\/aktuelles.uni-frankfurt.de\\\/?s={search_term_string}\"},\"query-input\":{\"@type\":\"PropertyValueSpecification\",\"valueRequired\":true,\"valueName\":\"search_term_string\"}}],\"inLanguage\":\"en-GB\"},{\"@type\":\"Organization\",\"@id\":\"https:\\\/\\\/aktuelles.uni-frankfurt.de\\\/#organization\",\"name\":\"Goethe-Universit\u00e4t\",\"url\":\"https:\\\/\\\/aktuelles.uni-frankfurt.de\\\/\",\"logo\":{\"@type\":\"ImageObject\",\"inLanguage\":\"en-GB\",\"@id\":\"https:\\\/\\\/aktuelles.uni-frankfurt.de\\\/#\\\/schema\\\/logo\\\/image\\\/\",\"url\":\"https:\\\/\\\/aktuelles.uni-frankfurt.de\\\/wp-content\\\/uploads\\\/2022\\\/03\\\/800px-Goethe-Logo.png\",\"contentUrl\":\"https:\\\/\\\/aktuelles.uni-frankfurt.de\\\/wp-content\\\/uploads\\\/2022\\\/03\\\/800px-Goethe-Logo.png\",\"width\":800,\"height\":436,\"caption\":\"Goethe-Universit\u00e4t\"},\"image\":{\"@id\":\"https:\\\/\\\/aktuelles.uni-frankfurt.de\\\/#\\\/schema\\\/logo\\\/image\\\/\"}}]}<\/script>\n<!-- \/ Yoast SEO plugin. -->","yoast_head_json":{"title":"Impressum | Aktuelles aus der Goethe-Universit\u00e4t Frankfurt","robots":{"index":"index","follow":"follow","max-snippet":"max-snippet:-1","max-image-preview":"max-image-preview:large","max-video-preview":"max-video-preview:-1"},"canonical":"https:\/\/aktuelles.uni-frankfurt.de\/en\/impressum\/","og_locale":"en_GB","og_type":"article","og_title":"Impressum | Aktuelles aus der Goethe-Universit\u00e4t Frankfurt","og_description":"Impressum Diensteanbieterin:&nbsp; Johann Wolfgang Goethe-Universit\u00e4t Frankfurt am MainTheodor-W.-Adorno-Platz 160323 Frankfurt am MainDeutschland&nbsp; Postanschrift: Goethe-Universit\u00e4t Frankfurt am Main60629 FrankfurtDeutschland&nbsp; Telefon: +49-69-798-0 | E-Mail: webmaster@uni-frankfurt.de Die Goethe-Universit\u00e4t Frankfurt am Main ist als [&hellip;]","og_url":"https:\/\/aktuelles.uni-frankfurt.de\/en\/impressum\/","og_site_name":"Aktuelles aus der Goethe-Universit\u00e4t Frankfurt","article_modified_time":"2025-11-12T17:27:47+00:00","twitter_card":"summary_large_image","twitter_misc":{"Estimated reading time":"4 minutes"},"schema":{"@context":"https:\/\/schema.org","@graph":[{"@type":"WebPage","@id":"https:\/\/aktuelles.uni-frankfurt.de\/impressum\/","url":"https:\/\/aktuelles.uni-frankfurt.de\/impressum\/","name":"Impressum | Aktuelles aus der Goethe-Universit\u00e4t Frankfurt","isPartOf":{"@id":"https:\/\/aktuelles.uni-frankfurt.de\/#website"},"datePublished":"2022-03-20T14:21:40+00:00","dateModified":"2025-11-12T17:27:47+00:00","breadcrumb":{"@id":"https:\/\/aktuelles.uni-frankfurt.de\/impressum\/#breadcrumb"},"inLanguage":"en-GB","potentialAction":[{"@type":"ReadAction","target":["https:\/\/aktuelles.uni-frankfurt.de\/impressum\/"]}]},{"@type":"BreadcrumbList","@id":"https:\/\/aktuelles.uni-frankfurt.de\/impressum\/#breadcrumb","itemListElement":[{"@type":"ListItem","position":1,"name":"Startseite","item":"https:\/\/aktuelles.uni-frankfurt.de\/"},{"@type":"ListItem","position":2,"name":"Impressum"}]},{"@type":"WebSite","@id":"https:\/\/aktuelles.uni-frankfurt.de\/#website","url":"https:\/\/aktuelles.uni-frankfurt.de\/","name":"Aktuelles aus der Goethe-Universit\u00e4t Frankfurt","description":"Aktuelles aus der Goethe-Universit\u00e4t | Neues aus Forschung, Lehre, Studium","publisher":{"@id":"https:\/\/aktuelles.uni-frankfurt.de\/#organization"},"potentialAction":[{"@type":"SearchAction","target":{"@type":"EntryPoint","urlTemplate":"https:\/\/aktuelles.uni-frankfurt.de\/?s={search_term_string}"},"query-input":{"@type":"PropertyValueSpecification","valueRequired":true,"valueName":"search_term_string"}}],"inLanguage":"en-GB"},{"@type":"Organization","@id":"https:\/\/aktuelles.uni-frankfurt.de\/#organization","name":"Goethe University Frankfurt","url":"https:\/\/aktuelles.uni-frankfurt.de\/","logo":{"@type":"ImageObject","inLanguage":"en-GB","@id":"https:\/\/aktuelles.uni-frankfurt.de\/#\/schema\/logo\/image\/","url":"https:\/\/aktuelles.uni-frankfurt.de\/wp-content\/uploads\/2022\/03\/800px-Goethe-Logo.png","contentUrl":"https:\/\/aktuelles.uni-frankfurt.de\/wp-content\/uploads\/2022\/03\/800px-Goethe-Logo.png","width":800,"height":436,"caption":"Goethe-Universit\u00e4t"},"image":{"@id":"https:\/\/aktuelles.uni-frankfurt.de\/#\/schema\/logo\/image\/"}}]}},"ticketed":false,"_links":{"self":[{"href":"https:\/\/aktuelles.uni-frankfurt.de\/en\/wp-json\/wp\/v2\/pages\/56317","targetHints":{"allow":["GET"]}}],"collection":[{"href":"https:\/\/aktuelles.uni-frankfurt.de\/en\/wp-json\/wp\/v2\/pages"}],"about":[{"href":"https:\/\/aktuelles.uni-frankfurt.de\/en\/wp-json\/wp\/v2\/types\/page"}],"author":[{"embeddable":true,"href":"https:\/\/aktuelles.uni-frankfurt.de\/en\/wp-json\/wp\/v2\/users\/24"}],"replies":[{"embeddable":true,"href":"https:\/\/aktuelles.uni-frankfurt.de\/en\/wp-json\/wp\/v2\/comments?post=56317"}],"version-history":[{"count":0,"href":"https:\/\/aktuelles.uni-frankfurt.de\/en\/wp-json\/wp\/v2\/pages\/56317\/revisions"}],"wp:attachment":[{"href":"https:\/\/aktuelles.uni-frankfurt.de\/en\/wp-json\/wp\/v2\/media?parent=56317"}],"wp:term":[{"taxonomy":"folder","embeddable":true,"href":"https:\/\/aktuelles.uni-frankfurt.de\/en\/wp-json\/wp\/v2\/folder?post=56317"}],"curies":[{"name":"wp","href":"https:\/\/api.w.org\/{rel}","templated":true}]}}